{"id":488,"date":"2023-07-23T19:25:00","date_gmt":"2023-07-23T18:25:00","guid":{"rendered":"https:\/\/mintcream-herring-178514.hostingersite.com\/?page_id=488"},"modified":"2026-02-08T02:20:31","modified_gmt":"2026-02-08T02:20:31","slug":"envio-de-cachorros","status":"publish","type":"page","link":"https:\/\/cachorrosdirecto.es\/da\/envio-de-cachorros\/","title":{"rendered":"Env\u00edo de cachorros"},"content":{"rendered":"<div class=\"brz brz-root__container brz-reset-all brz-root__container-page\">\n<section id=\"6169dbcde1222e65beca_iiwvwgrwhiyxogggdfcueotpiksositiepqw\" class=\"brz-section brz-css-e7vj7t brz-css-10he237\">\n<div class=\"brz-section__content brz-section--boxed brz-css-sf467i brz-css-1yd0ah6\" data-brz-custom-id=\"rripxacchyevrlhtklprwbsrvwvzqypfghak\">\n<div class=\"brz-container brz-css-1jwrp3l brz-css-fj10hn\">\n<div id=\"\" class=\"brz-css-zuiufo brz-css-1l55rgm brz-wrapper\">\n<div class=\"brz-rich-text brz-rich-text__custom brz-css-plt3ke brz-css-ieitl1\" data-brz-custom-id=\"ijogaewpzghojyqetfsgudtlckcwfxqxqagj\">\n<div data-brz-translate-text=\"1\">\n<p data-uniq-id=\"jHu0r\" data-generated-css=\"brz-css-rPuR6\" class=\"brz-text-lg-center brz-tp-lg-empty brz-ff-lexend_deca brz-ft-google brz-fs-lg-46 brz-fss-lg-px brz-fw-lg-700 brz-ls-lg-m_1_5 brz-lh-lg-1_3 brz-vfw-lg-400 brz-fwdth-lg-100 brz-fsft-lg-0 brz-css-l9TGJ\"><span class=\"brz-cp-color2\">Viajar con tu cachorro<\/span><\/p>\n<h2 data-uniq-id=\"aSyjr\" data-generated-css=\"brz-css-mrf81\" class=\"brz-tp-lg-heading2 brz-css-jurDQ\"><span class=\"brz-cp-color7\"> <\/span><\/h2>\n<p data-uniq-id=\"hxNGs\" data-generated-css=\"brz-css-yESSD\" class=\"brz-tp-lg-empty brz-ff-lato brz-ft-google brz-fs-lg-18 brz-fss-lg-px brz-fw-lg-400 brz-ls-lg-0 brz-lh-lg-1_3 brz-vfw-lg-400 brz-fwdth-lg-100 brz-fsft-lg-0 brz-css-ts3j9\"><span>En <\/span><strong>Cachorros Directo<\/strong><span> sabemos que el momento de llevar a tu nuevo cachorro a casa es emocionante y especial. Por ello, nos aseguramos de que el transporte se realice de forma r\u00e1pida, segura y con el m\u00e1ximo confort para el animal.<\/span><\/p>\n<p data-uniq-id=\"swzxt\" data-generated-css=\"brz-css-ar_tF\" class=\"brz-tp-lg-empty brz-ff-lato brz-ft-google brz-fs-lg-18 brz-fss-lg-px brz-fw-lg-400 brz-ls-lg-0 brz-lh-lg-1_3 brz-vfw-lg-400 brz-fwdth-lg-100 brz-fsft-lg-0 brz-css-aPT21\"><span> <\/span><\/p>\n<p data-uniq-id=\"c6EyA\" data-generated-css=\"brz-css-wk8aQ\" class=\"brz-tp-lg-empty brz-ff-lato brz-ft-google brz-fs-lg-18 brz-fss-lg-px brz-fw-lg-400 brz-ls-lg-0 brz-lh-lg-1_3 brz-vfw-lg-400 brz-fwdth-lg-100 brz-fsft-lg-0 brz-css-zpulK\"><span>En la mayor\u00eda de los casos, nuestros cachorros viajan en avi\u00f3n, ya que este medio es el m\u00e1s eficiente, fiable y rentable para llegar a cualquier punto de Espa\u00f1a y del extranjero.<\/span><\/p>\n<h5 class=\"brz-tp-lg-heading5 brz-css-aMKFI\" data-uniq-id=\"vHQrM\" data-generated-css=\"brz-css-j7HYj\"><\/h5>\n<\/div>\n<\/div>\n<\/div>\n<div id=\"\" class=\"brz-css-zuiufo brz-css-18zuwj3 brz-wrapper\">\n<div class=\"brz-rich-text brz-rich-text__custom brz-css-plt3ke brz-css-tc2md\" data-brz-custom-id=\"izfkvehqrmcpkpuvgwetnzeuokmytyifvibe\">\n<div data-brz-translate-text=\"1\">\n<p data-generated-css=\"brz-css-c5oVS\" data-uniq-id=\"vydpt\" class=\"brz-text-lg-center brz-tp-lg-empty brz-ff-lexend_deca brz-ft-google brz-fs-lg-28 brz-fss-lg-px brz-fw-lg-700 brz-ls-lg-m_1_5 brz-lh-lg-1_4 brz-vfw-lg-400 brz-fwdth-lg-100 brz-fsft-lg-0 brz-css-tivKR\"><span class=\"brz-cp-color2\">Condiciones de transporte a\u00e9reo<\/span><\/p>\n<\/div>\n<\/div>\n<\/div>\n<div id=\"\" class=\"brz-css-zuiufo brz-css-t70fxy brz-wrapper\">\n<div class=\"brz-rich-text brz-rich-text__custom brz-css-plt3ke brz-css-grn2e0\" data-brz-custom-id=\"neurkgqjlginxwrucztharmhewylirozpqci\">\n<div data-brz-translate-text=\"1\">\n<p data-generated-css=\"brz-css-wLwXZ\" data-uniq-id=\"rFJ92\" class=\"brz-fss-lg-px brz-fw-lg-400 brz-ls-lg-0 brz-lh-lg-1_9 brz-vfw-lg-400 brz-fwdth-lg-100 brz-fsft-lg-0 brz-tp-lg-empty brz-ff-overpass brz-ft-google brz-fs-lg-18 brz-css-qtx81\">No todas las aerol\u00edneas ofrecen el mismo nivel de comodidad para las mascotas. Por eso, seleccionamos cuidadosamente aquellas compa\u00f1\u00edas que garantizan:<\/p>\n<p data-generated-css=\"brz-css-vIcf4\" data-uniq-id=\"oE9jn\" class=\"brz-fss-lg-px brz-fw-lg-400 brz-ls-lg-0 brz-lh-lg-1_9 brz-vfw-lg-400 brz-fwdth-lg-100 brz-fsft-lg-0 brz-tp-lg-empty brz-ff-overpass brz-ft-google brz-fs-lg-18 brz-css-xZ4CD\">Cabina segura, presurizada y con temperatura controlada (diferente a la bodega de carga est\u00e1ndar).<\/p>\n<p data-generated-css=\"brz-css-yUxoK\" data-uniq-id=\"l2Af5\" class=\"brz-fss-lg-px brz-fw-lg-400 brz-ls-lg-0 brz-lh-lg-1_9 brz-vfw-lg-400 brz-fwdth-lg-100 brz-fsft-lg-0 brz-tp-lg-empty brz-ff-overpass brz-ft-google brz-fs-lg-18 brz-css-nvMT6\">Posibilidad de viajar como equipaje de mano acompa\u00f1ado por un Airpanion (asistente de vuelo especializado en animales).<\/p>\n<\/div>\n<\/div>\n<\/div>\n<div id=\"\" class=\"brz-css-zuiufo brz-css-121eudp brz-wrapper\">\n<div class=\"brz-rich-text brz-rich-text__custom brz-css-plt3ke brz-css-cigfe\" data-brz-custom-id=\"na7B8XZBzVEE\">\n<div data-brz-translate-text=\"1\">\n<p data-generated-css=\"brz-css-m4AEM\" data-uniq-id=\"siBlQ\" class=\"brz-text-lg-center brz-tp-lg-empty brz-ff-lexend_deca brz-ft-google brz-fs-lg-28 brz-fss-lg-px brz-fw-lg-700 brz-ls-lg-m_1_5 brz-lh-lg-1_4 brz-vfw-lg-400 brz-fwdth-lg-100 brz-fsft-lg-0 brz-css-px1mx\"><span class=\"brz-cp-color2\">dad y requisitos para el viaje<\/span><\/p>\n<p class=\"brz-tp-lg-paragraph brz-css-vjR7M\" data-generated-css=\"brz-css-l_b_X\" data-uniq-id=\"n4o3h\"><\/p>\n<ul>\n<li data-generated-css=\"brz-css-og4Bc\" data-uniq-id=\"aVEKu\" class=\"brz-tp-lg-empty brz-ff-overpass brz-ft-google brz-fs-lg-18 brz-fss-lg-px brz-fw-lg-400 brz-ls-lg-0 brz-lh-lg-1_9 brz-vfw-lg-400 brz-fwdth-lg-100 brz-fsft-lg-0 brz-css-g4xqg\"><span>La mayor\u00eda de los cachorros pueden viajar a partir de las 10 semanas de edad.<\/span><\/li>\n<\/ul>\n<p data-generated-css=\"brz-css-iprpD\" data-uniq-id=\"mDX65\" class=\"brz-tp-lg-empty brz-ff-overpass brz-ft-google brz-fs-lg-18 brz-fss-lg-px brz-fw-lg-400 brz-ls-lg-0 brz-lh-lg-1_9 brz-vfw-lg-400 brz-fwdth-lg-100 brz-fsft-lg-0 brz-css-eVSgy\"><\/p>\n<ul>\n<li data-generated-css=\"brz-css-hJa56\" data-uniq-id=\"saeiw\" class=\"brz-tp-lg-empty brz-ff-overpass brz-ft-google brz-fs-lg-18 brz-fss-lg-px brz-fw-lg-400 brz-ls-lg-0 brz-lh-lg-1_9 brz-vfw-lg-400 brz-fwdth-lg-100 brz-fsft-lg-0 brz-css-yKZw4\"><span>En razas peque\u00f1as, es necesario que alcancen al menos 900 gramos (2 libras) o que cumplan <\/span><strong>12 semanas<\/strong><span> antes de poder volar.<\/span><\/li>\n<\/ul>\n<p data-generated-css=\"brz-css-edfY9\" data-uniq-id=\"qiHHQ\" class=\"brz-tp-lg-empty brz-ff-overpass brz-ft-google brz-fs-lg-18 brz-fss-lg-px brz-fw-lg-400 brz-ls-lg-0 brz-lh-lg-1_9 brz-vfw-lg-400 brz-fwdth-lg-100 brz-fsft-lg-0 brz-css-iF0dI\"><\/p>\n<ul>\n<li class=\"brz-bcp-color7 brz-tp-lg-empty brz-ff-overpass brz-ft-google brz-fs-lg-18 brz-fss-lg-px brz-fw-lg-400 brz-ls-lg-0 brz-lh-lg-1_9 brz-vfw-lg-400 brz-fwdth-lg-100 brz-fsft-lg-0 brz-css-yb8Fd\" data-generated-css=\"brz-css-kagRR\" data-uniq-id=\"jy7BX\"><span>Este umbral de peso se eval\u00faa cuando el cachorro alcanza las 10 semanas para garantizar su seguridad durante el viaje.<\/span><\/li>\n<\/ul>\n<p class=\"brz-tp-lg-paragraph brz-css-sKOx_\" data-generated-css=\"brz-css-efOBb\" data-uniq-id=\"y79qS\"><\/p>\n<p data-generated-css=\"brz-css-gwRgx\" data-uniq-id=\"mugsj\" class=\"brz-text-lg-center brz-tp-lg-empty brz-ff-lexend_deca brz-ft-google brz-fs-lg-28 brz-fss-lg-px brz-fw-lg-700 brz-ls-lg-m_1_5 brz-lh-lg-1_4 brz-vfw-lg-400 brz-fwdth-lg-100 brz-fsft-lg-0 brz-css-qAmhw\"><span class=\"brz-cp-color2\">Ofertas especiales de env\u00edo<\/span><\/p>\n<h3 class=\"brz-tp-lg-heading3 brz-css-rIAin\" data-generated-css=\"brz-css-a1pdd\" data-uniq-id=\"zkp2a\"><strong class=\"brz-cp-color7\"> <\/strong><\/h3>\n<p data-generated-css=\"brz-css-jL4aZ\" data-uniq-id=\"uZHdf\" class=\"brz-tp-lg-empty brz-ff-overpass brz-ft-google brz-fs-lg-18 brz-fss-lg-px brz-fw-lg-400 brz-ls-lg-0 brz-lh-lg-1_9 brz-vfw-lg-400 brz-fwdth-lg-100 brz-fsft-lg-0 brz-css-g1udr\"><span>Actualmente disponemos de cupones exclusivos con nuestros agentes de transporte, lo que nos permite ofrecer env\u00edo gratuito a los clientes que adquieran un cachorro con nosotros (<\/span><em>v\u00e1lido hasta agotar disponibilidad<\/em><span>).<\/span><\/p>\n<p data-generated-css=\"brz-css-yaGDe\" data-uniq-id=\"uW6lO\" class=\"brz-tp-lg-empty brz-ff-overpass brz-ft-google brz-fs-lg-18 brz-fss-lg-px brz-fw-lg-400 brz-ls-lg-0 brz-lh-lg-1_9 brz-vfw-lg-400 brz-fwdth-lg-100 brz-fsft-lg-0 brz-css-gwgsP\"><\/p>\n<p data-generated-css=\"brz-css-trsIh\" data-uniq-id=\"grMOv\" class=\"brz-tp-lg-empty brz-ff-overpass brz-ft-google brz-fs-lg-18 brz-fss-lg-px brz-fw-lg-400 brz-ls-lg-0 brz-lh-lg-1_9 brz-vfw-lg-400 brz-fwdth-lg-100 brz-fsft-lg-0 brz-css-lUmbs\"><span>En caso de no disponer de cupones, se aplicar\u00e1 la tarifa regular de transporte, siempre informada previamente y con total transparencia.<\/span><\/p>\n<h3 class=\"brz-tp-lg-heading3 brz-css-uukzS\" data-generated-css=\"brz-css-gmyUx\" data-uniq-id=\"mrqyQ\"><strong class=\"brz-cp-color7\"> <\/strong><\/h3>\n<p data-generated-css=\"brz-css-hekYh\" data-uniq-id=\"bqSsY\" class=\"brz-text-lg-center brz-tp-lg-empty brz-ff-lexend_deca brz-ft-google brz-fs-lg-28 brz-fss-lg-px brz-fw-lg-700 brz-ls-lg-m_1_5 brz-lh-lg-1_4 brz-vfw-lg-400 brz-fwdth-lg-100 brz-fsft-lg-0 brz-css-qgnAP\"><span class=\"brz-cp-color2\">Consideraciones para razas braquic\u00e9falas<\/span><\/p>\n<h3 class=\"brz-tp-lg-heading3 brz-css-a7pEt\" data-generated-css=\"brz-css-o6B4R\" data-uniq-id=\"p_tyw\"><strong class=\"brz-cp-color7\"> <\/strong><\/h3>\n<p data-generated-css=\"brz-css-jkctl\" data-uniq-id=\"hXt0a\" class=\"brz-tp-lg-empty brz-ff-overpass brz-ft-google brz-fs-lg-18 brz-fss-lg-px brz-fw-lg-400 brz-ls-lg-0 brz-lh-lg-1_9 brz-vfw-lg-400 brz-fwdth-lg-100 brz-fsft-lg-0 brz-css-szS_2\"><span>Algunas razas conocidas como de nariz chata o corta \u2014como Bulldogs (ingl\u00e9s, americano o franc\u00e9s), Boston Terrier, Boxer, Cavalier King Charles Spaniel, Lhasa Apso, Mast\u00edn, Pug, Shar-Pei o Shih Tzu\u2014 presentan una fisiolog\u00eda respiratoria especial que puede dificultarles tolerar cambios de altitud y presi\u00f3n, incluso en cabinas climatizadas.<\/span><\/p>\n<p data-generated-css=\"brz-css-ublwD\" data-uniq-id=\"pUOfa\" class=\"brz-tp-lg-empty brz-ff-overpass brz-ft-google brz-fs-lg-18 brz-fss-lg-px brz-fw-lg-400 brz-ls-lg-0 brz-lh-lg-1_9 brz-vfw-lg-400 brz-fwdth-lg-100 brz-fsft-lg-0 brz-css-p08Ac\"><span>En estos casos, el transporte a\u00e9reo solo se realizar\u00e1 acompa\u00f1ado en cabina, y nuestro equipo de especialistas en viajes trabajar\u00e1 contigo para planificar la ruta m\u00e1s segura y c\u00f3moda para tu cachorro.<\/span><\/p>\n<h3 class=\"brz-tp-lg-heading3 brz-css-jxNB1\" data-generated-css=\"brz-css-i9TcB\" data-uniq-id=\"apwCf\"><strong class=\"brz-cp-color7\"> <\/strong><\/h3>\n<p data-generated-css=\"brz-css-kXsvA\" data-uniq-id=\"parIf\" class=\"brz-text-lg-center brz-tp-lg-empty brz-ff-lexend_deca brz-ft-google brz-fs-lg-28 brz-fss-lg-px brz-fw-lg-700 brz-ls-lg-m_1_5 brz-lh-lg-1_4 brz-vfw-lg-400 brz-fwdth-lg-100 brz-fsft-lg-0 brz-css-xfY8y\"><span class=\"brz-cp-color2\">Nuestro compromiso<\/span><\/p>\n<h3 class=\"brz-tp-lg-heading3 brz-css-g84VB\" data-generated-css=\"brz-css-oiYOM\" data-uniq-id=\"nn7GQ\"><strong class=\"brz-cp-color7\"> <\/strong><\/h3>\n<p data-generated-css=\"brz-css-hJ2pz\" data-uniq-id=\"gYT4Z\" class=\"brz-tp-lg-empty brz-ff-overpass brz-ft-google brz-fs-lg-18 brz-fss-lg-px brz-fw-lg-400 brz-ls-lg-0 brz-lh-lg-1_9 brz-vfw-lg-400 brz-fwdth-lg-100 brz-fsft-lg-0 brz-css-jJQ81\"><span>Cada cachorro que criamos es parte de nuestra familia hasta que llega a la tuya. Por eso, el transporte no es un simple tr\u00e1mite: es una extensi\u00f3n de nuestro cuidado y dedicaci\u00f3n. Nos aseguramos de que viaje tranquilo, supervisado y en perfectas condiciones, para que puedas recibirlo sano, feliz y listo para comenzar su nueva vida contigo.<\/span><\/p>\n<\/div>\n<\/div>\n<\/div>\n<\/div>\n<\/div>\n<\/section><\/div>\n<p><!-- version:1755124126 --><\/p>","protected":false},"excerpt":{"rendered":"<p>Viajar con tu cachorro En Cachorros Directo sabemos que el momento de llevar a tu nuevo cachorro a casa es emocionante y especial. Por ello, nos aseguramos de que el transporte se realice de forma r\u00e1pida, segura y con el m\u00e1ximo confort para el animal. En la mayor\u00eda de los casos, nuestros cachorros viajan en [&hellip;]<\/p>","protected":false},"author":1,"featured_media":0,"parent":0,"menu_order":0,"comment_status":"closed","ping_status":"closed","template":"brizy-blank-template.php","meta":{"site-sidebar-layout":"default","site-content-layout":"","ast-site-content-layout":"default","site-content-style":"default","site-sidebar-style":"default","ast-global-header-display":"","ast-banner-title-visibility":"","ast-main-header-display":"","ast-hfb-above-header-display":"","ast-hfb-below-header-display":"","ast-hfb-mobile-header-display":"","site-post-title":"","ast-breadcrumbs-content":"","ast-featured-img":"","footer-sml-layout":"","theme-transparent-header-meta":"","adv-header-id-meta":"","stick-header-meta":"","header-above-stick-meta":"","header-main-stick-meta":"","header-below-stick-meta":"","astra-migrate-meta-layouts":"set","ast-page-background-enabled":"default","ast-page-background-meta":{"desktop":{"background-color":"var(--ast-global-color-4)","background-image":"","background-repeat":"repeat","background-position":"center center","background-size":"auto","background-attachment":"scroll","background-type":"","background-media":"","overlay-type":"","overlay-color":"","overlay-gradient":""},"tablet":{"background-color":"","background-image":"","background-repeat":"repeat","background-position":"center center","background-size":"auto","background-attachment":"scroll","background-type":"","background-media":"","overlay-type":"","overlay-color":"","overlay-gradient":""},"mobile":{"background-color":"","background-image":"","background-repeat":"repeat","background-position":"center center","background-size":"auto","background-attachment":"scroll","background-type":"","background-media":"","overlay-type":"","overlay-color":"","overlay-gradient":""}},"ast-content-background-meta":{"desktop":{"background-color":"var(--ast-global-color-5)","background-image":"","background-repeat":"repeat","background-position":"center center","background-size":"auto","background-attachment":"scroll","background-type":"","background-media":"","overlay-type":"","overlay-color":"","overlay-gradient":""},"tablet":{"background-color":"var(--ast-global-color-5)","background-image":"","background-repeat":"repeat","background-position":"center center","background-size":"auto","background-attachment":"scroll","background-type":"","background-media":"","overlay-type":"","overlay-color":"","overlay-gradient":""},"mobile":{"background-color":"var(--ast-global-color-5)","background-image":"","background-repeat":"repeat","background-position":"center center","background-size":"auto","background-attachment":"scroll","background-type":"","background-media":"","overlay-type":"","overlay-color":"","overlay-gradient":""}},"footnotes":""},"class_list":["post-488","page","type-page","status-publish","hentry"],"brizy_media":[{"id":229,"url":"https:\/\/cachorrosdirecto.es\/wp-content\/uploads\/2023\/07\/arlo-4.webp","name":"arlo-4.webp","meta":{"brizy_attachment_uid":"wp-92e7c0cb2ffa1d1fa90cc4a603d98958.webp","brizy_post_uid":["f7a9fa01f4d76d5dcdf535af02fb1e52"]}},{"id":332,"url":"https:\/\/cachorrosdirecto.es\/wp-content\/uploads\/2023\/07\/download-10-1.webp","name":"download-10-1.webp","meta":{"brizy_attachment_uid":"wp-073c05bbab7c8e4e34cfa4029d95360e.webp","brizy_post_uid":["4e9115c76744a68c441c1e276870e98b","f7a9fa01f4d76d5dcdf535af02fb1e52"]}},{"id":355,"url":"https:\/\/cachorrosdirecto.es\/wp-content\/uploads\/brizy\/351\/assets\/images\/istockphoto-1215591934-612x612-1.jpg","name":"istockphoto-1215591934-612x612-1.jpg","meta":{"brizy_attachment_uid":"wp-85e48c624fd61de671164198fb93329d.jpg","brizy_post_uid":["f7a9fa01f4d76d5dcdf535af02fb1e52"]}},{"id":440,"url":"https:\/\/cachorrosdirecto.es\/wp-content\/uploads\/brizy\/437\/assets\/images\/hero-background.e316dcbe.jpg","name":"hero-background.e316dcbe.jpg","meta":{"brizy_attachment_uid":"wp-f66170b1d288ac614ae4d736ec69427e.jpg","brizy_post_uid":["f7a9fa01f4d76d5dcdf535af02fb1e52","4e9115c76744a68c441c1e276870e98b"]}},{"id":1706,"url":"https:\/\/cachorrosdirecto.es\/wp-content\/uploads\/2025\/02\/279cc70187126f26be8ad79f15fa6c3f.png","name":"279cc70187126f26be8ad79f15fa6c3f.png","meta":{"brizy_attachment_uid":"279cc70187126f26be8ad79f15fa6c3f.png","brizy_post_uid":["f7a9fa01f4d76d5dcdf535af02fb1e52"]}},{"id":1910,"url":"https:\/\/cachorrosdirecto.es\/wp-content\/uploads\/2025\/08\/cd-removebg-preview-2.webp","name":"cd-removebg-preview-2.webp","meta":{"brizy_attachment_uid":"wp-8b84582f6c956b2f8e9b29599824fa68.webp","brizy_post_uid":["4e9115c76744a68c441c1e276870e98b","f7a9fa01f4d76d5dcdf535af02fb1e52"]}},{"id":1911,"url":"https:\/\/cachorrosdirecto.es\/wp-content\/uploads\/2025\/08\/dog_angel_wings_logo_template__1_-removebg-preview.webp","name":"dog_angel_wings_logo_template__1_-removebg-preview.webp","meta":{"brizy_attachment_uid":"wp-b70f60e76dfab7a63f882faecf1ca0bf.webp","brizy_post_uid":["4e9115c76744a68c441c1e276870e98b","f7a9fa01f4d76d5dcdf535af02fb1e52"]}},{"id":2321,"url":"https:\/\/cachorrosdirecto.es\/wp-content\/uploads\/2025\/08\/andrea_txpups-20250627-0003.webp","name":"andrea_txpups-20250627-0003.webp","meta":{"brizy_attachment_uid":"wp-4030b134d27c0a97f5f4da48bf85feba.webp","brizy_post_uid":["f7a9fa01f4d76d5dcdf535af02fb1e52"]}},{"id":2324,"url":"https:\/\/cachorrosdirecto.es\/wp-content\/uploads\/2025\/08\/boster-t-1-bansky-14.webp","name":"boster-t-1-bansky-14.webp","meta":{"brizy_attachment_uid":"wp-6204b64d776e8870afbd0d9a8dc262e9.webp","brizy_post_uid":["f7a9fa01f4d76d5dcdf535af02fb1e52"]}},{"id":2325,"url":"https:\/\/cachorrosdirecto.es\/wp-content\/uploads\/2025\/08\/chidax_dachshunds_chihuahuas-20250318-0008.webp","name":"chidax_dachshunds_chihuahuas-20250318-0008.webp","meta":{"brizy_attachment_uid":"wp-1169406ce099184ea5dfa73cccd7cf5b.webp","brizy_post_uid":["f7a9fa01f4d76d5dcdf535af02fb1e52"]}},{"id":2326,"url":"https:\/\/cachorrosdirecto.es\/wp-content\/uploads\/2025\/08\/caitlinfarrand-20240314-0009.webp","name":"caitlinfarrand-20240314-0009.webp","meta":{"brizy_attachment_uid":"wp-98c1d09eecca6e90bf27f0a976a5d4df.webp","brizy_post_uid":["f7a9fa01f4d76d5dcdf535af02fb1e52"]}},{"id":2327,"url":"https:\/\/cachorrosdirecto.es\/wp-content\/uploads\/2025\/08\/casablancapugs-20250108-0010.webp","name":"casablancapugs-20250108-0010.webp","meta":{"brizy_attachment_uid":"wp-50c2aff316cb899db9e0f5768ae58288.webp","brizy_post_uid":["f7a9fa01f4d76d5dcdf535af02fb1e52"]}},{"id":2332,"url":"https:\/\/cachorrosdirecto.es\/wp-content\/uploads\/2025\/08\/disco-thefrenchiee-20241008-0001.webp","name":"disco-thefrenchiee-20241008-0001.webp","meta":{"brizy_attachment_uid":"wp-0c7048c5b9fce06bfedf1ee402b7967f.webp","brizy_post_uid":["f7a9fa01f4d76d5dcdf535af02fb1e52"]}},{"id":2333,"url":"https:\/\/cachorrosdirecto.es\/wp-content\/uploads\/2025\/08\/european-dobermann_us-20250627-0005.webp","name":"european-dobermann_us-20250627-0005.webp","meta":{"brizy_attachment_uid":"wp-ea59ec25d9e9eb4ea93ecae9bc7716ef.webp","brizy_post_uid":["f7a9fa01f4d76d5dcdf535af02fb1e52"]}},{"id":2339,"url":"https:\/\/cachorrosdirecto.es\/wp-content\/uploads\/2025\/08\/great-dane-pegasus-11.webp","name":"great-dane-pegasus-11.webp","meta":{"brizy_attachment_uid":"wp-82aae62c5d57b76f9e6a07efb50bf5bf.webp","brizy_post_uid":["f7a9fa01f4d76d5dcdf535af02fb1e52"]}},{"id":2340,"url":"https:\/\/cachorrosdirecto.es\/wp-content\/uploads\/2025\/08\/hopper-thegreatdane-20250105-0004.webp","name":"hopper-thegreatdane-20250105-0004.webp","meta":{"brizy_attachment_uid":"wp-90c3d473848dc42e19d903663ef5a818.webp","brizy_post_uid":["f7a9fa01f4d76d5dcdf535af02fb1e52"]}},{"id":2341,"url":"https:\/\/cachorrosdirecto.es\/wp-content\/uploads\/2025\/08\/leo_the_beagle-se-20240811-0007.webp","name":"leo_the_beagle-se-20240811-0007.webp","meta":{"brizy_attachment_uid":"wp-313c0e91cef26c9a5befec8058100612.webp","brizy_post_uid":["f7a9fa01f4d76d5dcdf535af02fb1e52"]}},{"id":2345,"url":"https:\/\/cachorrosdirecto.es\/wp-content\/uploads\/2025\/08\/mezziethefrenchie-20240724-0002.webp","name":"mezziethefrenchie-20240724-0002.webp","meta":{"brizy_attachment_uid":"wp-89b3b91b1739deb13adea7538f07bb06.webp","brizy_post_uid":["f7a9fa01f4d76d5dcdf535af02fb1e52"]}}],"_links":{"self":[{"href":"https:\/\/cachorrosdirecto.es\/da\/wp-json\/wp\/v2\/pages\/488","targetHints":{"allow":["GET"]}}],"collection":[{"href":"https:\/\/cachorrosdirecto.es\/da\/wp-json\/wp\/v2\/pages"}],"about":[{"href":"https:\/\/cachorrosdirecto.es\/da\/wp-json\/wp\/v2\/types\/page"}],"author":[{"embeddable":true,"href":"https:\/\/cachorrosdirecto.es\/da\/wp-json\/wp\/v2\/users\/1"}],"replies":[{"embeddable":true,"href":"https:\/\/cachorrosdirecto.es\/da\/wp-json\/wp\/v2\/comments?post=488"}],"version-history":[{"count":12,"href":"https:\/\/cachorrosdirecto.es\/da\/wp-json\/wp\/v2\/pages\/488\/revisions"}],"predecessor-version":[{"id":3346,"href":"https:\/\/cachorrosdirecto.es\/da\/wp-json\/wp\/v2\/pages\/488\/revisions\/3346"}],"wp:attachment":[{"href":"https:\/\/cachorrosdirecto.es\/da\/wp-json\/wp\/v2\/media?parent=488"}],"curies":[{"name":"wp","href":"https:\/\/api.w.org\/{rel}","templated":true}]}}