{"id":1912,"date":"2025-08-13T22:40:06","date_gmt":"2025-08-13T21:40:06","guid":{"rendered":"https:\/\/mintcream-herring-178514.hostingersite.com\/?page_id=1912"},"modified":"2026-01-17T17:53:37","modified_gmt":"2026-01-17T17:53:37","slug":"quienes-somos","status":"publish","type":"page","link":"https:\/\/cachorrosdirecto.es\/de\/quienes-somos\/","title":{"rendered":"Qui\u00e9nes somos"},"content":{"rendered":"<div class=\"brz brz-root__container brz-reset-all brz-root__container-page\" >\n<section id=\"kxADuWYeZwQT_kxADuWYeZwQT\" class=\"brz-section brz-css-d-section brz-css-1w22sw2\">\n<div class=\"brz-section__content brz-section--boxed brz-css-d-sectionitem-bg brz-css-1jv39k0\" data-brz-custom-id=\"aS03mPuhnbvc\">\n<div class=\"brz-container brz-css-d-sectionitem-container brz-css-1pbh7\">\n<div id=\"\" class=\"brz-css-d-wrapper brz-css-1mo92im brz-wrapper\">\n<div class=\"brz-rich-text brz-rich-text__custom brz-css-d-richtext brz-css-1qqr3ja\" data-brz-custom-id=\"yDXIAWydBwcj\">\n<div data-brz-translate-text=\"1\">\n<p data-generated-css=\"brz-css-cq69G\" data-uniq-id=\"lpO4U\" class=\"brz-tp-lg-empty brz-text-lg-center brz-ff-lexend_deca brz-ft-google brz-fs-lg-46 brz-fss-lg-px brz-fw-lg-700 brz-ls-lg-m_1_5 brz-lh-lg-1_3 brz-vfw-lg-400 brz-fwdth-lg-100 brz-fsft-lg-0 brz-css-xc4ZK\"><strong class=\"brz-cp-color7\"> <\/strong><span class=\"brz-cp-color2\" style=\"color: rgba(var(--brz-global-color2),1);\">Qui\u00e9nes somos<\/span><\/p>\n<\/div>\n<\/div>\n<\/div>\n<div id=\"\" class=\"brz-css-d-wrapper brz-css-1hmhle1 brz-wrapper\">\n<div class=\"brz-rich-text brz-rich-text__custom brz-css-d-richtext brz-css-g1l064\" data-brz-custom-id=\"wSeEZH_7wdfN\">\n<div data-brz-translate-text=\"1\">\n<p class=\"brz-tp-lg-paragraph brz-css-cQ_sA\" data-generated-css=\"brz-css-iqJ4Q\" data-uniq-id=\"xr0xb\"><strong class=\"brz-cp-color7\">Cachorros Directo<\/strong><span class=\"brz-cp-color7\"> es el nombre comercial de una empresa familiar dedicada a la cr\u00eda y venta de perros de pura raza, con m\u00e1s de 12 a\u00f1os de experiencia en el sector. Nuestra actividad principal se desarrolla en nuestras instalaciones en Espa\u00f1a, donde criamos y cuidamos cada camada con dedicaci\u00f3n y cari\u00f1o. Adem\u00e1s, contamos con oficinas de gesti\u00f3n en <\/span><span class=\"brz-cp-color7\" style=\"color: rgb(102, 102, 102);\">Espa\u00f1a<\/span><span class=\"brz-cp-color7\">, desde donde coordinamos toda nuestra actividad de venta online y el servicio de env\u00edos a toda la pen\u00ednsula.<\/span><\/p>\n<p class=\"brz-tp-lg-paragraph brz-css-uizRq\" data-generated-css=\"brz-css-xzxGY\" data-uniq-id=\"plVWj\"><span class=\"brz-cp-color7\">En nuestro d\u00eda a d\u00eda, nos esforzamos al m\u00e1ximo por el bienestar de cada cachorro. Antes de salir hacia su nuevo hogar, todos reciben una revisi\u00f3n veterinaria completa para garantizar que llegan sanos, felices y listos para adaptarse a su familia. Cachorros Directo dispone de n\u00facleo zool\u00f3gico propio y licencia oficial para la cr\u00eda y venta profesional, cumpliendo con toda la normativa vigente.<\/span><\/p>\n<\/div>\n<\/div>\n<\/div>\n<div class=\"brz-row__container brz-css-d-row-row brz-css-ypid7g\" data-brz-custom-id=\"s20JAkmiug3C\">\n<div class=\"brz-row brz-css-d-row-container brz-css-r-row-container brz-css-1xasefr\">\n<div class=\"brz-columns brz-css-d-column-column brz-css-1rrlh5f\" data-brz-custom-id=\"qQLWena8n4zG\">\n<div class=\"brz-column__items brz-css-d-column-bg brz-css-1mmt87\">\n<div id=\"\" class=\"brz-css-d-wrapper brz-css-1kc9xex brz-wrapper\">\n<div class=\"brz-image brz-css-d-image-nftczz6ycyte-parent brz-css-v3oa0d\" data-brz-custom-id=\"nFTCzz6ycYte\"><picture class=\"brz-picture brz-d-block brz-p-relative brz-css-d-image-nftczz6ycyte-picture brz-css-1e89k9f\"><source srcset=\"https:\/\/cachorrosdirecto.es\/wp-content\/uploads\/2025\/08\/cane-corso-35.webp 1x, https:\/\/cachorrosdirecto.es\/wp-content\/uploads\/2025\/08\/cane-corso-35.webp 2x\" media=\"(min-width: 992px)\"><source srcset=\"https:\/\/cachorrosdirecto.es\/wp-content\/uploads\/2025\/08\/cane-corso-35.webp 1x, https:\/\/cachorrosdirecto.es\/wp-content\/uploads\/2025\/08\/cane-corso-35.webp 2x\" media=\"(min-width: 768px)\"><img decoding=\"async\" class=\"brz-img\" srcset=\"https:\/\/cachorrosdirecto.es\/wp-content\/uploads\/2025\/08\/cane-corso-35.webp 1x, https:\/\/cachorrosdirecto.es\/wp-content\/uploads\/2025\/08\/cane-corso-35.webp 2x\" src=\"https:\/\/cachorrosdirecto.es\/wp-content\/uploads\/2025\/08\/cane-corso-35.webp\" loading=\"lazy\" alt=\"{{brizy_dc_image_alt imageSrc=\"wp-e5aed92dbe1c685045e3a1a111870292.webp\"}}\" title=\"cane corso (35)\" draggable=\"false\"><\/picture><\/div>\n<\/div>\n<\/div>\n<\/div>\n<div class=\"brz-columns brz-css-d-column-column brz-css-1ddxtg0\" data-brz-custom-id=\"vikQ3gNYvW11\">\n<div class=\"brz-column__items brz-css-d-column-bg brz-css-d8enqg\">\n<div id=\"\" class=\"brz-css-d-wrapper brz-css-1igcr10 brz-wrapper\">\n<div class=\"brz-image brz-css-d-image-usedwtkrfoul-parent brz-css-zg2k0a\" data-brz-custom-id=\"usEDWtkrFOUL\"><picture class=\"brz-picture brz-d-block brz-p-relative brz-css-d-image-usedwtkrfoul-picture brz-css-8j25jb\"><source srcset=\"https:\/\/cachorrosdirecto.es\/wp-content\/uploads\/2025\/08\/glorious_spirit_pugs-20250627-0001.webp 1x, https:\/\/cachorrosdirecto.es\/wp-content\/uploads\/2025\/08\/glorious_spirit_pugs-20250627-0001.webp 2x\" media=\"(min-width: 992px)\"><source srcset=\"https:\/\/cachorrosdirecto.es\/wp-content\/uploads\/2025\/08\/glorious_spirit_pugs-20250627-0001.webp 1x, https:\/\/cachorrosdirecto.es\/wp-content\/uploads\/2025\/08\/glorious_spirit_pugs-20250627-0001.webp 2x\" media=\"(min-width: 768px)\"><img decoding=\"async\" class=\"brz-img\" srcset=\"https:\/\/cachorrosdirecto.es\/wp-content\/uploads\/2025\/08\/glorious_spirit_pugs-20250627-0001.webp 1x, https:\/\/cachorrosdirecto.es\/wp-content\/uploads\/2025\/08\/glorious_spirit_pugs-20250627-0001.webp 2x\" src=\"https:\/\/cachorrosdirecto.es\/wp-content\/uploads\/2025\/08\/glorious_spirit_pugs-20250627-0001.webp\" loading=\"lazy\" alt=\"{{brizy_dc_image_alt imageSrc=\"wp-10f41fbe438dde4a8c169158ed6bae03.webp\"}}\" title=\"glorious_spirit_pugs-20250627-0001\" draggable=\"false\"><\/picture><\/div>\n<\/div>\n<\/div>\n<\/div>\n<\/div>\n<\/div>\n<div id=\"\" class=\"brz-css-d-wrapper brz-css-1666o4u brz-wrapper\">\n<div class=\"brz-rich-text brz-rich-text__custom brz-css-d-richtext brz-css-k7zz4z\" data-brz-custom-id=\"eNydW2sxHzcy\">\n<div data-brz-translate-text=\"1\">\n<p data-generated-css=\"brz-css-bfPSI\" data-uniq-id=\"tis82\" class=\"brz-ft-google brz-fs-lg-34 brz-fss-lg-px brz-fw-lg-700 brz-ls-lg-m_1_5 brz-lh-lg-1_4 brz-vfw-lg-400 brz-fwdth-lg-100 brz-fsft-lg-0 brz-tp-lg-empty brz-ff-lexend_deca brz-css-kcuhK\"><span style=\"color: rgba(var(--brz-global-color2),1);\" class=\"brz-cp-color2\">Todo para tu cachorro<\/span><\/p>\n<\/div>\n<\/div>\n<\/div>\n<div id=\"\" class=\"brz-css-d-wrapper brz-css-7ube4o brz-wrapper\">\n<div class=\"brz-rich-text brz-rich-text__custom brz-css-d-richtext brz-css-7kya8j\" data-brz-custom-id=\"xaxjX9Q7A1fZ\">\n<div data-brz-translate-text=\"1\">\n<p class=\"brz-tp-lg-paragraph brz-css-ejk7l\" data-uniq-id=\"ncF8x\" data-generated-css=\"brz-css-bezFZ\"><span class=\"brz-cp-color7\">Aqu\u00ed no solo encontrar\u00e1s a tu nuevo compa\u00f1ero de cuatro patas, sino tambi\u00e9n toda la asesor\u00eda y apoyo que necesitas para su cuidado: consejos de alimentaci\u00f3n, accesorios recomendados y pautas para una adaptaci\u00f3n exitosa en casa. Nuestra experiencia y pasi\u00f3n por los animales nos convierten en una referencia en la venta responsable de cachorros en Espa\u00f1a.<\/span><\/p>\n<\/div>\n<\/div>\n<\/div>\n<div id=\"\" class=\"brz-css-d-wrapper brz-css-jryz98 brz-wrapper\">\n<div class=\"brz-rich-text brz-rich-text__custom brz-css-d-richtext brz-css-y2mx1d\" data-brz-custom-id=\"xqJCksKApnMa\">\n<div data-brz-translate-text=\"1\">\n<p data-generated-css=\"brz-css-h0z60\" data-uniq-id=\"hGk6D\" class=\"brz-ft-google brz-fs-lg-34 brz-fss-lg-px brz-fw-lg-700 brz-ls-lg-m_1_5 brz-lh-lg-1_4 brz-vfw-lg-400 brz-fwdth-lg-100 brz-fsft-lg-0 brz-tp-lg-empty brz-ff-lexend_deca brz-css-zxQsJ\"><span style=\"color: rgba(var(--brz-global-color2),1);\" class=\"brz-cp-color2\">Env\u00edos garantizados a toda Espa\u00f1a<\/span><\/p>\n<\/div>\n<\/div>\n<\/div>\n<div id=\"\" class=\"brz-css-d-wrapper brz-css-95pv1q brz-wrapper\">\n<div class=\"brz-rich-text brz-rich-text__custom brz-css-d-richtext brz-css-555b0i\" data-brz-custom-id=\"lPhcvMN_ksgD\">\n<div data-brz-translate-text=\"1\">\n<p class=\"brz-tp-lg-paragraph brz-css-o0TY2\" data-uniq-id=\"iEOWG\" data-generated-css=\"brz-css-bbjEj\"><span class=\"brz-cp-color7\">Enviamos cachorros a cualquier punto de la pen\u00ednsula (excepto Canarias) mediante <\/span><strong class=\"brz-cp-color7\">servicio especializado de transporte animal<\/strong><span class=\"brz-cp-color7\">, seguro y 100% garantizado. Tambi\u00e9n disponemos de transporte propio para casos especiales.<\/span><\/p>\n<p class=\"brz-tp-lg-paragraph brz-css-pXm1c\" data-uniq-id=\"iEOWG\" data-generated-css=\"brz-css-bbjEj\"><span class=\"brz-cp-color7\">Todos nuestros cachorros se entregan con una edad m\u00ednima de tres meses aproximadamente, cuando ya son independientes de la madre, se alimentan por s\u00ed solos y est\u00e1n preparados para un adiestramiento temprano.<\/span><\/p>\n<\/div>\n<\/div>\n<\/div>\n<div id=\"\" class=\"brz-css-d-wrapper brz-css-lrj8l9 brz-wrapper\">\n<div class=\"brz-rich-text brz-rich-text__custom brz-css-d-richtext brz-css-10c1fm3\" data-brz-custom-id=\"eTHx2HeqDBD5\">\n<div data-brz-translate-text=\"1\">\n<p data-generated-css=\"brz-css-anfRt\" data-uniq-id=\"gIblG\" class=\"brz-ft-google brz-fs-lg-34 brz-fss-lg-px brz-fw-lg-700 brz-ls-lg-m_1_5 brz-lh-lg-1_4 brz-vfw-lg-400 brz-fwdth-lg-100 brz-fsft-lg-0 brz-tp-lg-empty brz-ff-lexend_deca brz-css-gLN3C\"><span style=\"color: rgba(var(--brz-global-color2),1);\" class=\"brz-cp-color2\">Vacunaci\u00f3n y desparasitaci\u00f3n<\/span><\/p>\n<\/div>\n<\/div>\n<\/div>\n<div id=\"\" class=\"brz-css-d-wrapper brz-css-s2caly brz-wrapper\">\n<div class=\"brz-rich-text brz-rich-text__custom brz-css-d-richtext brz-css-1su8m5j\" data-brz-custom-id=\"lmKbpRFzcTFY\">\n<div data-brz-translate-text=\"1\">\n<p class=\"brz-tp-lg-paragraph brz-css-i5o6n\" data-uniq-id=\"bCqKk\" data-generated-css=\"brz-css-jLVXp\"><span class=\"brz-cp-color7\">Cada cachorro es revisado, vacunado y desparasitado por nuestro equipo veterinario antes de la entrega. La primera vacuna que reciben protege contra enfermedades como parvovirus y coronavirus canino, garantizando una inmunidad adecuada desde el inicio.<\/span><\/p>\n<p class=\"brz-tp-lg-paragraph brz-css-sNGJK\" data-uniq-id=\"bCqKk\" data-generated-css=\"brz-css-jLVXp\"><span class=\"brz-cp-color7\">Si el cliente ha tenido una experiencia previa con estas enfermedades, recomendamos desinfectar bien el hogar antes de recibir al nuevo cachorro para evitar riesgos.<\/span><\/p>\n<\/div>\n<\/div>\n<\/div>\n<div id=\"\" class=\"brz-css-d-wrapper brz-css-1cc7256 brz-wrapper\">\n<div class=\"brz-rich-text brz-rich-text__custom brz-css-d-richtext brz-css-1mmzoi9\" data-brz-custom-id=\"swkzunkpj5gw\">\n<div data-brz-translate-text=\"1\">\n<p data-generated-css=\"brz-css-lrCQp\" data-uniq-id=\"iIJwx\" class=\"brz-ft-google brz-fs-lg-34 brz-fss-lg-px brz-fw-lg-700 brz-ls-lg-m_1_5 brz-lh-lg-1_4 brz-vfw-lg-400 brz-fwdth-lg-100 brz-fsft-lg-0 brz-tp-lg-empty brz-ff-lexend_deca brz-css-ixlgY\"><span style=\"color: rgba(var(--brz-global-color2),1);\" class=\"brz-cp-color2\">Nuestras garant\u00edas<\/span><\/p>\n<\/div>\n<\/div>\n<\/div>\n<div id=\"\" class=\"brz-css-d-wrapper brz-css-mccte brz-wrapper\">\n<div class=\"brz-rich-text brz-rich-text__custom brz-css-d-richtext brz-css-ivq2no\" data-brz-custom-id=\"s6KGFjvWd3Dg\">\n<div data-brz-translate-text=\"1\">\n<p class=\"brz-tp-lg-paragraph brz-css-b3KzU\" data-generated-css=\"brz-css-jTlhC\" data-uniq-id=\"pzMBW\"><span class=\"brz-cp-color7\">En Cachorros Directo todos los cachorros incluyen:<\/span><\/p>\n<ul>\n<li class=\"brz-tp-lg-paragraph brz-css-sdYSD\" data-generated-css=\"brz-css-ccWnV\" data-uniq-id=\"lZf43\"><strong class=\"brz-cp-color7\">Garant\u00eda v\u00edrica<\/strong><span class=\"brz-cp-color7\">: libres de cualquier infecci\u00f3n v\u00edrica en el momento de la entrega.<\/span><\/li>\n<\/ul>\n<p class=\"brz-tp-lg-paragraph brz-css-cMkzm\" data-generated-css=\"brz-css-eGVRk\" data-uniq-id=\"esCSv\"><\/p>\n<ul>\n<li class=\"brz-tp-lg-paragraph brz-css-zdRsX\" data-generated-css=\"brz-css-fIpm6\" data-uniq-id=\"oWu1j\"><strong class=\"brz-cp-color7\">Garant\u00eda cong\u00e9nita<\/strong><span class=\"brz-cp-color7\">: sin enfermedades de nacimiento.<\/span><\/li>\n<\/ul>\n<p class=\"brz-tp-lg-paragraph brz-css-lvzFO\" data-generated-css=\"brz-css-evtvg\" data-uniq-id=\"kvZVQ\"><\/p>\n<ul>\n<li class=\"brz-tp-lg-paragraph brz-css-rzu2Y\" data-generated-css=\"brz-css-hdCBQ\" data-uniq-id=\"fX0KX\"><strong class=\"brz-cp-color7\">Garant\u00eda gen\u00e9tica<\/strong><span class=\"brz-cp-color7\">: libres de enfermedades hereditarias, procedentes siempre de padres sanos y seleccionados.<\/span><\/li>\n<\/ul>\n<p class=\"brz-tp-lg-paragraph brz-css-rx1BM\" data-generated-css=\"brz-css-f2HCy\" data-uniq-id=\"jwOwq\"><\/p>\n<\/div>\n<\/div>\n<\/div>\n<div id=\"\" class=\"brz-css-d-wrapper brz-css-1sw6yiu brz-wrapper\">\n<div class=\"brz-rich-text brz-rich-text__custom brz-css-d-richtext brz-css-m1pyu\" data-brz-custom-id=\"rtbq12G5i1Dk\">\n<div data-brz-translate-text=\"1\">\n<p data-generated-css=\"brz-css-wcvHk\" data-uniq-id=\"oUYLY\" class=\"brz-ft-google brz-fs-lg-34 brz-fss-lg-px brz-fw-lg-700 brz-ls-lg-m_1_5 brz-lh-lg-1_4 brz-vfw-lg-400 brz-fwdth-lg-100 brz-fsft-lg-0 brz-tp-lg-empty brz-ff-lexend_deca brz-css-mKzC8\"><span style=\"color: rgba(var(--brz-global-color2),1);\" class=\"brz-cp-color2\">Documentaci\u00f3n incluida<\/span><\/p>\n<\/div>\n<\/div>\n<\/div>\n<div id=\"\" class=\"brz-css-d-wrapper brz-css-fb21f2 brz-wrapper\">\n<div class=\"brz-rich-text brz-rich-text__custom brz-css-d-richtext brz-css-kc09jr\" data-brz-custom-id=\"cjzQmUdAakJD\">\n<div data-brz-translate-text=\"1\">\n<p class=\"brz-tp-lg-paragraph brz-css-tYC41\" data-uniq-id=\"rDQgK\" data-generated-css=\"brz-css-uCWvX\"><span class=\"brz-cp-color7\">Con cada cachorro entregamos su cartilla sanitaria oficial, con datos de raza, sexo, fecha de vacunaci\u00f3n y desparasitaci\u00f3n. Tambi\u00e9n incluimos un contrato de compra-venta legal y personalizado, que protege tanto al cliente como a nosotros como criadores.<\/span><\/p>\n<p class=\"brz-tp-lg-paragraph brz-css-tOAn5\" data-uniq-id=\"rDQgK\" data-generated-css=\"brz-css-uCWvX\"><span class=\"brz-cp-color7\">Este contrato detalla la informaci\u00f3n del cachorro, la garant\u00eda ofrecida y las condiciones de cuidado inicial. En caso de env\u00edo, el contrato se considera aceptado al momento del pago, aunque solicitamos que el cliente lo firme y nos lo devuelva para registro.<\/span><\/p>\n<\/div>\n<\/div>\n<\/div>\n<\/div>\n<\/div>\n<\/section><\/div>\n<p><!-- version:1768672417 --><\/p>","protected":false},"excerpt":{"rendered":"<p>Qui\u00e9nes somos Cachorros Directo es el nombre comercial de una empresa familiar dedicada a la cr\u00eda y venta de perros de pura raza, con m\u00e1s de 12 a\u00f1os de experiencia en el sector. Nuestra actividad principal se desarrolla en nuestras instalaciones en Espa\u00f1a, donde criamos y cuidamos cada camada con dedicaci\u00f3n y cari\u00f1o. Adem\u00e1s, contamos [&hellip;]<\/p>","protected":false},"author":2,"featured_media":0,"parent":0,"menu_order":0,"comment_status":"closed","ping_status":"closed","template":"brizy-blank-template.php","meta":{"site-sidebar-layout":"default","site-content-layout":"","ast-site-content-layout":"default","site-content-style":"default","site-sidebar-style":"default","ast-global-header-display":"","ast-banner-title-visibility":"","ast-main-header-display":"","ast-hfb-above-header-display":"","ast-hfb-below-header-display":"","ast-hfb-mobile-header-display":"","site-post-title":"","ast-breadcrumbs-content":"","ast-featured-img":"","footer-sml-layout":"","theme-transparent-header-meta":"","adv-header-id-meta":"","stick-header-meta":"","header-above-stick-meta":"","header-main-stick-meta":"","header-below-stick-meta":"","astra-migrate-meta-layouts":"set","ast-page-background-enabled":"default","ast-page-background-meta":{"desktop":{"background-color":"var(--ast-global-color-4)","background-image":"","background-repeat":"repeat","background-position":"center center","background-size":"auto","background-attachment":"scroll","background-type":"","background-media":"","overlay-type":"","overlay-color":"","overlay-gradient":""},"tablet":{"background-color":"","background-image":"","background-repeat":"repeat","background-position":"center center","background-size":"auto","background-attachment":"scroll","background-type":"","background-media":"","overlay-type":"","overlay-color":"","overlay-gradient":""},"mobile":{"background-color":"","background-image":"","background-repeat":"repeat","background-position":"center center","background-size":"auto","background-attachment":"scroll","background-type":"","background-media":"","overlay-type":"","overlay-color":"","overlay-gradient":""}},"ast-content-background-meta":{"desktop":{"background-color":"var(--ast-global-color-5)","background-image":"","background-repeat":"repeat","background-position":"center center","background-size":"auto","background-attachment":"scroll","background-type":"","background-media":"","overlay-type":"","overlay-color":"","overlay-gradient":""},"tablet":{"background-color":"var(--ast-global-color-5)","background-image":"","background-repeat":"repeat","background-position":"center center","background-size":"auto","background-attachment":"scroll","background-type":"","background-media":"","overlay-type":"","overlay-color":"","overlay-gradient":""},"mobile":{"background-color":"var(--ast-global-color-5)","background-image":"","background-repeat":"repeat","background-position":"center center","background-size":"auto","background-attachment":"scroll","background-type":"","background-media":"","overlay-type":"","overlay-color":"","overlay-gradient":""}},"footnotes":""},"class_list":["post-1912","page","type-page","status-publish","hentry"],"brizy_media":[{"id":2305,"url":"https:\/\/cachorrosdirecto.es\/wp-content\/uploads\/2025\/08\/cane-corso-35.webp","name":"cane-corso-35.webp","meta":{"brizy_attachment_uid":"wp-e5aed92dbe1c685045e3a1a111870292.webp","brizy_post_uid":["40f20efed81948c54205528358cea94d"]}},{"id":2306,"url":"https:\/\/cachorrosdirecto.es\/wp-content\/uploads\/2025\/08\/glorious_spirit_pugs-20250627-0001.webp","name":"glorious_spirit_pugs-20250627-0001.webp","meta":{"brizy_attachment_uid":"wp-10f41fbe438dde4a8c169158ed6bae03.webp","brizy_post_uid":["40f20efed81948c54205528358cea94d"]}}],"_links":{"self":[{"href":"https:\/\/cachorrosdirecto.es\/de\/wp-json\/wp\/v2\/pages\/1912","targetHints":{"allow":["GET"]}}],"collection":[{"href":"https:\/\/cachorrosdirecto.es\/de\/wp-json\/wp\/v2\/pages"}],"about":[{"href":"https:\/\/cachorrosdirecto.es\/de\/wp-json\/wp\/v2\/types\/page"}],"author":[{"embeddable":true,"href":"https:\/\/cachorrosdirecto.es\/de\/wp-json\/wp\/v2\/users\/2"}],"replies":[{"embeddable":true,"href":"https:\/\/cachorrosdirecto.es\/de\/wp-json\/wp\/v2\/comments?post=1912"}],"version-history":[{"count":13,"href":"https:\/\/cachorrosdirecto.es\/de\/wp-json\/wp\/v2\/pages\/1912\/revisions"}],"predecessor-version":[{"id":3329,"href":"https:\/\/cachorrosdirecto.es\/de\/wp-json\/wp\/v2\/pages\/1912\/revisions\/3329"}],"wp:attachment":[{"href":"https:\/\/cachorrosdirecto.es\/de\/wp-json\/wp\/v2\/media?parent=1912"}],"curies":[{"name":"wp","href":"https:\/\/api.w.org\/{rel}","templated":true}]}}